{"id":2810,"date":"2015-07-14T16:07:01","date_gmt":"2015-07-14T16:07:01","guid":{"rendered":"http:\/\/tafep.pt\/?page_id=2810"},"modified":"2016-06-22T22:55:15","modified_gmt":"2016-06-22T22:55:15","slug":"g1993","status":"publish","type":"page","link":"http:\/\/tafep.pt\/en\/tafep\/members\/g1993\/","title":{"rendered":"1993"},"content":{"rendered":"<p>[vc_row][vc_column width=&#8221;1\/3&#8243;][vc_single_image image=&#8221;4716&#8243; img_link_large=&#8221;&#8221; img_link_target=&#8221;_self&#8221; css_animation_speed=&#8221;faster&#8221; css_animation_delay=&#8221;0&#8243;][vc_row_inner][vc_column_inner width=&#8221;1\/1&#8243;]<br \/>\n[\/vc_column_inner][\/vc_row_inner][vc_column_text css_animation_speed=&#8221;faster&#8221; css_animation_delay=&#8221;0&#8243;]<\/p>\n<div class=\"cbUserListFieldLine\" style=\"color: #ffffff;\"><span class=\"cbListFieldCont cbUserListFC_username\" style=\"font-weight: bold; color: #000000;\">Guimar\u00e3es<\/span><\/div>\n<div class=\"cbUserListFieldLine\" style=\"color: #ffffff;\"><span class=\"cbListFieldCont cbUserListFC_name\" style=\"font-style: italic; color: #000000;\">Jos\u00e9 Guimar\u00e3es<\/span><\/div>\n<div class=\"cbUserListFieldLine\" style=\"color: #ffffff;\"><span style=\"color: #000000;\">Banner<\/span><\/div>\n<div class=\"cbUserListFieldLine\" style=\"color: #ffffff;\"><span class=\"cbListFieldCont cbUserListFC_cb_entrada\" style=\"font-weight: bold; font-style: italic; color: #000000;\">1993<\/span><\/div>\n<p>[\/vc_column_text][\/vc_column][vc_column width=&#8221;1\/3&#8243;][vc_single_image image=&#8221;4717&#8243; img_link_target=&#8221;_self&#8221; css_animation_speed=&#8221;faster&#8221; css_animation_delay=&#8221;0&#8243; img_link_large=&#8221;&#8221;][vc_row_inner][vc_column_inner width=&#8221;1\/1&#8243;]<br \/>\n[\/vc_column_inner][\/vc_row_inner][vc_column_text css_animation_speed=&#8221;faster&#8221; css_animation_delay=&#8221;0&#8243;]<\/p>\n<div class=\"cbUserListFieldLine\" style=\"color: #ffffff;\"><span class=\"cbListFieldCont cbUserListFC_username\" style=\"font-weight: bold; color: #000000;\">Mora<\/span><\/div>\n<div class=\"cbUserListFieldLine\" style=\"color: #ffffff;\"><span class=\"cbListFieldCont cbUserListFC_name\" style=\"font-style: italic; color: #000000;\">Andr\u00e9 Carvalho<\/span><\/div>\n<div class=\"cbUserListFieldLine\" style=\"color: #ffffff;\"><span class=\"cbListFieldCont cbUserListFC_cb_naipe\" style=\"color: #000000;\">Guitar<\/span><\/div>\n<div class=\"cbUserListFieldLine\" style=\"color: #ffffff;\"><span class=\"cbListFieldCont cbUserListFC_cb_entrada\" style=\"font-weight: bold; font-style: italic; color: #000000;\">1993<\/span><\/div>\n<p>[\/vc_column_text][\/vc_column][vc_column width=&#8221;1\/3&#8243;][vc_single_image image=&#8221;4718&#8243; img_link_target=&#8221;_self&#8221; css_animation_speed=&#8221;faster&#8221; css_animation_delay=&#8221;0&#8243; img_link_large=&#8221;&#8221;][vc_row_inner][vc_column_inner width=&#8221;1\/1&#8243;]<br \/>\n[\/vc_column_inner][\/vc_row_inner][vc_column_text css_animation_speed=&#8221;faster&#8221; css_animation_delay=&#8221;0&#8243;]<\/p>\n<div class=\"cbUserListFieldLine\" style=\"color: #ffffff;\"><span class=\"cbListFieldCont cbUserListFC_username\" style=\"font-weight: bold; color: #000000;\">Pantera<\/span><\/div>\n<div class=\"cbUserListFieldLine\" style=\"color: #ffffff;\"><span class=\"cbListFieldCont cbUserListFC_name\" style=\"font-style: italic; color: #000000;\">Fernando Eus\u00e9bio<\/span><\/div>\n<div class=\"cbUserListFieldLine\" style=\"color: #ffffff;\"><span class=\"cbListFieldCont cbUserListFC_cb_naipe\" style=\"color: #000000;\">Percussion<\/span><\/div>\n<div class=\"cbUserListFieldLine\" style=\"color: #ffffff;\"><span class=\"cbListFieldCont cbUserListFC_cb_entrada\" style=\"font-weight: bold; font-style: italic; color: #000000;\">1993<\/span><\/div>\n<p>[\/vc_column_text][\/vc_column][\/vc_row][vc_row][vc_column width=&#8221;1\/3&#8243;][vc_single_image image=&#8221;4719&#8243; img_link_target=&#8221;_self&#8221; css_animation_speed=&#8221;faster&#8221; css_animation_delay=&#8221;0&#8243; img_link_large=&#8221;&#8221;][vc_row_inner][vc_column_inner width=&#8221;1\/1&#8243;]<br \/>\n[\/vc_column_inner][\/vc_row_inner][vc_column_text css_animation_speed=&#8221;faster&#8221; css_animation_delay=&#8221;0&#8243;]<\/p>\n<div class=\"cbUserListFieldLine\" style=\"color: #ffffff;\"><span class=\"cbListFieldCont cbUserListFC_username\" style=\"font-weight: bold; color: #000000;\">Parreira J\u00e1come<\/span><\/div>\n<div class=\"cbUserListFieldLine\" style=\"color: #ffffff;\"><span class=\"cbListFieldCont cbUserListFC_name\" style=\"font-style: italic; color: #000000;\">Manuel Ramos<\/span><\/div>\n<div class=\"cbUserListFieldLine\" style=\"color: #ffffff;\"><span class=\"cbListFieldCont cbUserListFC_cb_naipe\" style=\"color: #000000;\">Accordion<\/span><\/div>\n<div class=\"cbUserListFieldLine\" style=\"color: #ffffff;\"><span class=\"cbListFieldCont cbUserListFC_cb_entrada\" style=\"font-weight: bold; font-style: italic; color: #000000;\">1993<\/span><\/div>\n<p>[\/vc_column_text][\/vc_column][vc_column width=&#8221;1\/3&#8243;][vc_single_image image=&#8221;4720&#8243; img_link_target=&#8221;_self&#8221; css_animation_speed=&#8221;faster&#8221; css_animation_delay=&#8221;0&#8243; img_link_large=&#8221;&#8221;][vc_row_inner][vc_column_inner width=&#8221;1\/1&#8243;]<br \/>\n[\/vc_column_inner][\/vc_row_inner][vc_column_text css_animation_speed=&#8221;faster&#8221; css_animation_delay=&#8221;0&#8243;]<\/p>\n<div class=\"cbUserListFieldLine\" style=\"color: #ffffff;\"><span class=\"cbListFieldCont cbUserListFC_username\" style=\"font-weight: bold; color: #000000;\">Pinguicha<\/span><\/div>\n<div class=\"cbUserListFieldLine\" style=\"color: #ffffff;\"><span class=\"cbListFieldCont cbUserListFC_name\" style=\"font-style: italic; color: #000000;\">Pedro Galego<\/span><\/div>\n<div class=\"cbUserListFieldLine\"><span style=\"color: #000000;\">Ukulele<\/span><\/div>\n<div class=\"cbUserListFieldLine\" style=\"color: #ffffff;\"><span class=\"cbListFieldCont cbUserListFC_cb_entrada\" style=\"font-weight: bold; font-style: italic; color: #000000;\">1993<\/span><\/div>\n<p>[\/vc_column_text][\/vc_column][vc_column width=&#8221;1\/3&#8243;][vc_single_image image=&#8221;4721&#8243; img_link_target=&#8221;_self&#8221; css_animation_speed=&#8221;faster&#8221; css_animation_delay=&#8221;0&#8243; img_link_large=&#8221;&#8221;][vc_row_inner][vc_column_inner width=&#8221;1\/1&#8243;]<br \/>\n[\/vc_column_inner][\/vc_row_inner][vc_column_text css_animation_speed=&#8221;faster&#8221; css_animation_delay=&#8221;0&#8243;]<\/p>\n<div class=\"cbUserListFieldLine\" style=\"color: #ffffff;\"><span class=\"cbListFieldCont cbUserListFC_username\" style=\"font-weight: bold; color: #000000;\">Ra\u00fal<\/span><\/div>\n<div class=\"cbUserListFieldLine\" style=\"color: #ffffff;\"><span class=\"cbListFieldCont cbUserListFC_name\" style=\"font-style: italic; color: #000000;\">Ra\u00fal Costa<\/span><\/div>\n<div class=\"cbUserListFieldLine\" style=\"color: #ffffff;\"><span class=\"cbListFieldCont cbUserListFC_cb_naipe\" style=\"color: #000000;\">Mandolin<\/span><\/div>\n<div class=\"cbUserListFieldLine\" style=\"color: #ffffff;\"><span class=\"cbListFieldCont cbUserListFC_cb_entrada\" style=\"font-weight: bold; font-style: italic; color: #000000;\">1993<\/span><\/div>\n<p>[\/vc_column_text][\/vc_column][\/vc_row][vc_row][vc_column width=&#8221;1\/3&#8243;][vc_single_image image=&#8221;4722&#8243; img_link_target=&#8221;_self&#8221; css_animation_speed=&#8221;faster&#8221; css_animation_delay=&#8221;0&#8243; img_link_large=&#8221;&#8221;][vc_row_inner][vc_column_inner width=&#8221;1\/1&#8243;]<br \/>\n[\/vc_column_inner][\/vc_row_inner][vc_column_text css_animation_speed=&#8221;faster&#8221; css_animation_delay=&#8221;0&#8243;]<\/p>\n<div class=\"cbUserListFieldLine\" style=\"color: #ffffff;\"><span class=\"cbListFieldCont cbUserListFC_username\" style=\"font-weight: bold; color: #000000;\">Torgal<\/span><\/div>\n<div class=\"cbUserListFieldLine\" style=\"color: #ffffff;\"><span class=\"cbListFieldCont cbUserListFC_name\" style=\"font-style: italic; color: #000000;\">Nuno Torgal<\/span><\/div>\n<div class=\"cbUserListFieldLine\" style=\"color: #ffffff;\"><span class=\"cbListFieldCont cbUserListFC_cb_naipe\" style=\"color: #000000;\">Percussion<\/span><\/div>\n<div class=\"cbUserListFieldLine\" style=\"color: #ffffff;\"><span class=\"cbListFieldCont cbUserListFC_cb_entrada\" style=\"font-weight: bold; font-style: italic; color: #000000;\">1993<\/span><\/div>\n<p>[\/vc_column_text][\/vc_column][vc_column width=&#8221;1\/3&#8243;][vc_single_image image=&#8221;4731&#8243; img_link_large=&#8221;&#8221; img_link_target=&#8221;_self&#8221; css_animation_speed=&#8221;faster&#8221; css_animation_delay=&#8221;0&#8243;][vc_row_inner][vc_column_inner el_class=&#8221;&#8221; width=&#8221;1\/1&#8243;]<br \/>\n[\/vc_column_inner][\/vc_row_inner][vc_column_text css_animation_speed=&#8221;faster&#8221; css_animation_delay=&#8221;0&#8243;]<\/p>\n<div class=\"cbUserListFieldLine\">\n<div class=\"cbUserListFieldLine\">\n<div class=\"cbUserListFieldLine\" style=\"color: #ffffff;\"><strong><span style=\"color: #000000;\">Baldaia<\/span><\/strong><\/div>\n<div class=\"cbUserListFieldLine\" style=\"color: #ffffff;\"><span style=\"color: #000000;\"><i>Pedro Cardoso<\/i><\/span><\/div>\n<div class=\"cbUserListFieldLine\" style=\"color: #ffffff;\"><span style=\"color: #000000;\">Mandolin<\/span><\/div>\n<div class=\"cbUserListFieldLine\" style=\"color: #ffffff;\"><em><strong><span class=\"cbListFieldCont cbUserListFC_cb_entrada\" style=\"color: #000000;\">1993<\/span><\/strong><\/em><\/div>\n<\/div>\n<\/div>\n<p>[\/vc_column_text][\/vc_column][vc_column width=&#8221;1\/3&#8243;][vc_single_image img_link_large=&#8221;&#8221; img_link_target=&#8221;_self&#8221; css_animation_speed=&#8221;faster&#8221; css_animation_delay=&#8221;0&#8243; image=&#8221;4732&#8243;][vc_row_inner][vc_column_inner el_class=&#8221;&#8221; width=&#8221;1\/1&#8243;]<br \/>\n[\/vc_column_inner][\/vc_row_inner][vc_column_text css_animation_speed=&#8221;faster&#8221; css_animation_delay=&#8221;0&#8243;]<\/p>\n<div class=\"cbUserListFieldLine\" style=\"color: #ffffff;\"><strong><span style=\"color: #000000;\">Bar\u00e3o<\/span><\/strong><\/div>\n<div class=\"cbUserListFieldLine\" style=\"color: #ffffff;\"><span style=\"color: #000000;\"><i>Fernando Bar\u00e3o<\/i><\/span><\/div>\n<div class=\"cbUserListFieldLine\" style=\"color: #ffffff;\"><span style=\"color: #000000;\">Guitar<\/span><\/div>\n<div class=\"cbUserListFieldLine\" style=\"color: #ffffff;\"><em><strong><span class=\"cbListFieldCont cbUserListFC_cb_entrada\" style=\"color: #000000;\">1993<\/span><\/strong><\/em><\/div>\n<p>[\/vc_column_text][\/vc_column][\/vc_row][vc_row bg_image_repeat=&#8221;&#8221;][vc_column width=&#8221;1\/3&#8243;][vc_single_image image=&#8221;4733&#8243; img_link_large=&#8221;&#8221; img_link_target=&#8221;_self&#8221; css_animation_speed=&#8221;faster&#8221; css_animation_delay=&#8221;0&#8243;][vc_row_inner][vc_column_inner el_class=&#8221;&#8221; width=&#8221;1\/1&#8243;]<br \/>\n[\/vc_column_inner][\/vc_row_inner][vc_column_text css_animation_speed=&#8221;faster&#8221; css_animation_delay=&#8221;0&#8243;]<\/p>\n<div class=\"cbUserListFieldLine\" style=\"color: #ffffff;\"><strong><span style=\"color: #000000;\">Gaio<\/span><\/strong><\/div>\n<div class=\"cbUserListFieldLine\" style=\"color: #ffffff;\"><span style=\"color: #000000;\"><i>Humberto Gaio<\/i><\/span><\/div>\n<div class=\"cbUserListFieldLine\" style=\"color: #ffffff;\"><span style=\"color: #000000;\">Flute<\/span><\/div>\n<div class=\"cbUserListFieldLine\" style=\"color: #ffffff;\"><em><strong><span class=\"cbListFieldCont cbUserListFC_cb_entrada\" style=\"color: #000000;\">1993<\/span><\/strong><\/em><\/div>\n<p>[\/vc_column_text][\/vc_column][vc_column width=&#8221;1\/3&#8243;]<br \/>\n[\/vc_column][vc_column width=&#8221;1\/3&#8243;]<br \/>\n[\/vc_column][\/vc_row]<\/p>\n","protected":false},"excerpt":{"rendered":"<p>[vc_row][vc_column width=&#8221;1\/3&#8243;][vc_single_image image=&#8221;4716&#8243; img_link_large=&#8221;&#8221; img_link_target=&#8221;_self&#8221; css_animation_speed=&#8221;faster&#8221; css_animation_delay=&#8221;0&#8243;][vc_row_inner][vc_column_inner width=&#8221;1\/1&#8243;] [\/vc_column_inner][\/vc_row_inner][vc_column_text css_animation_speed=&#8221;faster&#8221; css_animation_delay=&#8221;0&#8243;] Guimar\u00e3es Jos\u00e9 Guimar\u00e3es Banner 1993 [\/vc_column_text][\/vc_column][vc_column width=&#8221;1\/3&#8243;][vc_single_image image=&#8221;4717&#8243; img_link_target=&#8221;_self&#8221; css_animation_speed=&#8221;faster&#8221; css_animation_delay=&#8221;0&#8243; img_link_large=&#8221;&#8221;][vc_row_inner][vc_column_inner width=&#8221;1\/1&#8243;] [\/vc_column_inner][\/vc_row_inner][vc_column_text css_animation_speed=&#8221;faster&#8221; css_animation_delay=&#8221;0&#8243;] Mora Andr\u00e9 Carvalho [&hellip;]<\/p>\n","protected":false},"author":1,"featured_media":0,"parent":2808,"menu_order":127,"comment_status":"open","ping_status":"open","template":"","meta":{"footnotes":""},"_links":{"self":[{"href":"http:\/\/tafep.pt\/en\/wp-json\/wp\/v2\/pages\/2810"}],"collection":[{"href":"http:\/\/tafep.pt\/en\/wp-json\/wp\/v2\/pages"}],"about":[{"href":"http:\/\/tafep.pt\/en\/wp-json\/wp\/v2\/types\/page"}],"author":[{"embeddable":true,"href":"http:\/\/tafep.pt\/en\/wp-json\/wp\/v2\/users\/1"}],"replies":[{"embeddable":true,"href":"http:\/\/tafep.pt\/en\/wp-json\/wp\/v2\/comments?post=2810"}],"version-history":[{"count":5,"href":"http:\/\/tafep.pt\/en\/wp-json\/wp\/v2\/pages\/2810\/revisions"}],"predecessor-version":[{"id":6495,"href":"http:\/\/tafep.pt\/en\/wp-json\/wp\/v2\/pages\/2810\/revisions\/6495"}],"up":[{"embeddable":true,"href":"http:\/\/tafep.pt\/en\/wp-json\/wp\/v2\/pages\/2808"}],"wp:attachment":[{"href":"http:\/\/tafep.pt\/en\/wp-json\/wp\/v2\/media?parent=2810"}],"curies":[{"name":"wp","href":"https:\/\/api.w.org\/{rel}","templated":true}]}}