{"id":2837,"date":"2015-07-14T16:31:24","date_gmt":"2015-07-14T16:31:24","guid":{"rendered":"http:\/\/tafep.pt\/?page_id=2837"},"modified":"2016-05-25T14:48:21","modified_gmt":"2016-05-25T14:48:21","slug":"2006-ntt","status":"publish","type":"page","link":"http:\/\/tafep.pt\/en\/tafep\/members\/2006-ntt\/","title":{"rendered":"2006 &#8211; NTT"},"content":{"rendered":"<p>[vc_row][vc_column width=&#8221;1\/3&#8243;][vc_single_image img_link_target=&#8221;_self&#8221; css_animation_speed=&#8221;faster&#8221; css_animation_delay=&#8221;0&#8243; image=&#8221;4958&#8243; img_link_large=&#8221;&#8221;][vc_row_inner][vc_column_inner width=&#8221;1\/1&#8243;]<br \/>\n[\/vc_column_inner][\/vc_row_inner][vc_column_text css_animation_speed=&#8221;faster&#8221; css_animation_delay=&#8221;0&#8243;]<\/p>\n<div class=\"cbUserListFieldLine\" style=\"color: #ffffff;\"><span class=\"cbListFieldCont cbUserListFC_username\" style=\"font-weight: bold; color: #000000;\">Batuta Tubar\u00e3o Baptista NTT<\/span><\/div>\n<div class=\"cbUserListFieldLine\" style=\"color: #ffffff;\"><span class=\"cbListFieldCont cbUserListFC_name\" style=\"font-style: italic; color: #000000;\">M\u00e1rio Fernandes<\/span><\/div>\n<div class=\"cbUserListFieldLine\" style=\"color: #ffffff;\"><span style=\"color: #000000;\">Ukelele<\/span><\/div>\n<div class=\"cbUserListFieldLine\" style=\"color: #ffffff;\"><span class=\"cbListFieldCont cbUserListFC_cb_entrada\" style=\"font-weight: bold; font-style: italic; color: #000000;\">2006<\/span><\/div>\n<p>[\/vc_column_text][\/vc_column][vc_column width=&#8221;1\/3&#8243;][vc_single_image img_link_target=&#8221;_self&#8221; css_animation_speed=&#8221;faster&#8221; css_animation_delay=&#8221;0&#8243; image=&#8221;4959&#8243; img_link_large=&#8221;&#8221;][vc_row_inner][vc_column_inner width=&#8221;1\/1&#8243;]<br \/>\n[\/vc_column_inner][\/vc_row_inner][vc_column_text css_animation_speed=&#8221;faster&#8221; css_animation_delay=&#8221;0&#8243;]<\/p>\n<div class=\"cbUserListFieldLine\" style=\"color: #ffffff;\"><span class=\"cbListFieldCont cbUserListFC_username\" style=\"font-weight: bold; color: #000000;\">Biqueiro Ressabiado de M. Q.F.C.V. mas NTT<\/span><\/div>\n<div class=\"cbUserListFieldLine\" style=\"color: #ffffff;\"><span class=\"cbListFieldCont cbUserListFC_name\" style=\"font-style: italic; color: #000000;\">Jo\u00e3o Silva<\/span><\/div>\n<div class=\"cbUserListFieldLine\" style=\"color: #ffffff;\"><span class=\"cbListFieldCont cbUserListFC_cb_naipe\" style=\"color: #000000;\">Mandolin<\/span><\/div>\n<div class=\"cbUserListFieldLine\" style=\"color: #ffffff;\"><span class=\"cbListFieldCont cbUserListFC_cb_entrada\" style=\"font-weight: bold; font-style: italic; color: #000000;\">2006<\/span><\/div>\n<p>[\/vc_column_text][\/vc_column][vc_column width=&#8221;1\/3&#8243;][vc_single_image img_link_target=&#8221;_self&#8221; css_animation_speed=&#8221;faster&#8221; css_animation_delay=&#8221;0&#8243; image=&#8221;4961&#8243; img_link_large=&#8221;&#8221;][vc_row_inner][vc_column_inner width=&#8221;1\/1&#8243;]<br \/>\n[\/vc_column_inner][\/vc_row_inner][vc_column_text css_animation_speed=&#8221;faster&#8221; css_animation_delay=&#8221;0&#8243;]<\/p>\n<div class=\"cbUserListFieldLine\" style=\"color: #ffffff;\"><span class=\"cbListFieldCont cbUserListFC_username\" style=\"font-weight: bold; color: #000000;\">Carv\u00e3o Trambolh\u00e3o M. de Pej\u00e3o NTT<\/span><\/div>\n<div class=\"cbUserListFieldLine\" style=\"color: #ffffff;\"><span class=\"cbListFieldCont cbUserListFC_name\" style=\"font-style: italic; color: #000000;\">Andr\u00e9 Ribeiro<\/span><\/div>\n<div class=\"cbUserListFieldLine\" style=\"color: #ffffff;\"><span class=\"cbListFieldCont cbUserListFC_cb_naipe\" style=\"color: #000000;\">Guitar<\/span><\/div>\n<div class=\"cbUserListFieldLine\" style=\"color: #ffffff;\"><span class=\"cbListFieldCont cbUserListFC_cb_entrada\" style=\"font-weight: bold; font-style: italic; color: #000000;\">2006<\/span><\/div>\n<p>[\/vc_column_text][\/vc_column][\/vc_row][vc_row][vc_column width=&#8221;1\/3&#8243;][vc_single_image img_link_target=&#8221;_self&#8221; css_animation_speed=&#8221;faster&#8221; css_animation_delay=&#8221;0&#8243; image=&#8221;4962&#8243; img_link_large=&#8221;&#8221;][vc_row_inner][vc_column_inner width=&#8221;1\/1&#8243;]<br \/>\n[\/vc_column_inner][\/vc_row_inner][vc_column_text css_animation_speed=&#8221;faster&#8221; css_animation_delay=&#8221;0&#8243;]<\/p>\n<div class=\"cbUserListFieldLine\" style=\"color: #ffffff;\"><span class=\"cbListFieldCont cbUserListFC_username\" style=\"font-weight: bold; color: #000000;\">Ma\u00e7aira Esparguete Sem Sal NTT<\/span><\/div>\n<div class=\"cbUserListFieldLine\" style=\"color: #ffffff;\"><span class=\"cbListFieldCont cbUserListFC_name\" style=\"font-style: italic; color: #000000;\">Nuno Ma\u00e7aira<\/span><\/div>\n<div class=\"cbUserListFieldLine\" style=\"color: #ffffff;\"><span style=\"color: #000000;\">Tambourine<\/span><\/div>\n<div class=\"cbUserListFieldLine\" style=\"color: #ffffff;\"><span class=\"cbListFieldCont cbUserListFC_cb_entrada\" style=\"font-weight: bold; font-style: italic; color: #000000;\">2006<\/span><\/div>\n<p>[\/vc_column_text][\/vc_column][vc_column width=&#8221;1\/3&#8243;][vc_single_image img_link_target=&#8221;_self&#8221; css_animation_speed=&#8221;faster&#8221; css_animation_delay=&#8221;0&#8243; image=&#8221;4963&#8243; img_link_large=&#8221;&#8221;][vc_row_inner][vc_column_inner width=&#8221;1\/1&#8243;]<br \/>\n[\/vc_column_inner][\/vc_row_inner][vc_column_text css_animation_speed=&#8221;faster&#8221; css_animation_delay=&#8221;0&#8243;]<\/p>\n<div class=\"cbUserListFieldLine\" style=\"color: #ffffff;\"><span class=\"cbListFieldCont cbUserListFC_username\" style=\"font-weight: bold; color: #000000;\">Manecas Belguini de Rastos NTT<\/span><\/div>\n<div class=\"cbUserListFieldLine\" style=\"color: #ffffff;\"><span class=\"cbListFieldCont cbUserListFC_name\" style=\"font-style: italic; color: #000000;\">Lu\u00eds Matos<\/span><\/div>\n<div class=\"cbUserListFieldLine\" style=\"color: #ffffff;\"><span class=\"cbListFieldCont cbUserListFC_cb_naipe\" style=\"color: #000000;\">Guitar<\/span><\/div>\n<div class=\"cbUserListFieldLine\" style=\"color: #ffffff;\"><span class=\"cbListFieldCont cbUserListFC_cb_entrada\" style=\"font-weight: bold; font-style: italic; color: #000000;\">2006<\/span><\/div>\n<p>[\/vc_column_text][\/vc_column][vc_column width=&#8221;1\/3&#8243;][vc_single_image img_link_target=&#8221;_self&#8221; css_animation_speed=&#8221;faster&#8221; css_animation_delay=&#8221;0&#8243; image=&#8221;4964&#8243; img_link_large=&#8221;&#8221;][vc_row_inner][vc_column_inner width=&#8221;1\/1&#8243;]<br \/>\n[\/vc_column_inner][\/vc_row_inner][vc_column_text css_animation_speed=&#8221;faster&#8221; css_animation_delay=&#8221;0&#8243;]<\/p>\n<div class=\"cbUserListFieldLine\" style=\"color: #ffffff;\"><span class=\"cbListFieldCont cbUserListFC_username\" style=\"font-weight: bold; color: #000000;\">Oh pah, Strap E. C. NTT<\/span><\/div>\n<div class=\"cbUserListFieldLine\" style=\"color: #ffffff;\"><span class=\"cbListFieldCont cbUserListFC_name\" style=\"font-style: italic; color: #000000;\">Daniel Phillips<\/span><\/div>\n<div class=\"cbUserListFieldLine\" style=\"color: #ffffff;\"><span class=\"cbListFieldCont cbUserListFC_cb_naipe\" style=\"color: #000000;\">Mandolin<\/span><\/div>\n<div class=\"cbUserListFieldLine\" style=\"color: #ffffff;\"><span class=\"cbListFieldCont cbUserListFC_cb_entrada\" style=\"font-weight: bold; font-style: italic; color: #000000;\">2006<\/span><\/div>\n<p>[\/vc_column_text][\/vc_column][\/vc_row][vc_row][vc_column width=&#8221;1\/3&#8243;][vc_single_image img_link_target=&#8221;_self&#8221; css_animation_speed=&#8221;faster&#8221; css_animation_delay=&#8221;0&#8243; image=&#8221;4965&#8243; img_link_large=&#8221;&#8221;][vc_row_inner][vc_column_inner width=&#8221;1\/1&#8243;]<br \/>\n[\/vc_column_inner][\/vc_row_inner][vc_column_text css_animation_speed=&#8221;faster&#8221; css_animation_delay=&#8221;0&#8243;]<\/p>\n<div class=\"cbUserListFieldLine\" style=\"color: #ffffff;\"><span class=\"cbListFieldCont cbUserListFC_username\" style=\"font-weight: bold; color: #000000;\">Shuippy Skittles S\u00edfilis Blueh NTT<\/span><\/div>\n<div class=\"cbUserListFieldLine\" style=\"color: #ffffff;\"><span class=\"cbListFieldCont cbUserListFC_name\" style=\"font-style: italic; color: #000000;\">Jo\u00e3o Torneiro<\/span><\/div>\n<div class=\"cbUserListFieldLine\" style=\"color: #ffffff;\"><span class=\"cbListFieldCont cbUserListFC_cb_naipe\" style=\"color: #000000;\">Guitar<\/span><\/div>\n<div class=\"cbUserListFieldLine\" style=\"color: #ffffff;\"><span class=\"cbListFieldCont cbUserListFC_cb_entrada\" style=\"font-weight: bold; font-style: italic; color: #000000;\">2006<\/span><\/div>\n<p>[\/vc_column_text][\/vc_column][vc_column width=&#8221;1\/3&#8243;][vc_single_image img_link_target=&#8221;_self&#8221; css_animation_speed=&#8221;faster&#8221; css_animation_delay=&#8221;0&#8243; image=&#8221;4966&#8243; img_link_large=&#8221;&#8221;][vc_row_inner][vc_column_inner width=&#8221;1\/1&#8243;]<br \/>\n[\/vc_column_inner][\/vc_row_inner][vc_column_text css_animation_speed=&#8221;faster&#8221; css_animation_delay=&#8221;0&#8243;]<\/p>\n<div class=\"cbUserListFieldLine\" style=\"color: #ffffff;\"><span class=\"cbListFieldCont cbUserListFC_username\" style=\"font-weight: bold; color: #000000;\">Tulipa Atitude Imbecil NTT<\/span><\/div>\n<div class=\"cbUserListFieldLine\" style=\"color: #ffffff;\"><span class=\"cbListFieldCont cbUserListFC_name\" style=\"font-style: italic; color: #000000;\">Carlos Gomes<\/span><\/div>\n<div class=\"cbUserListFieldLine\" style=\"color: #ffffff;\"><span class=\"cbListFieldCont cbUserListFC_cb_naipe\" style=\"color: #000000;\">Percussion<\/span><\/div>\n<div class=\"cbUserListFieldLine\" style=\"color: #ffffff;\"><span class=\"cbListFieldCont cbUserListFC_cb_magister\" style=\"font-weight: bold; font-style: italic; color: #ff0000;\">XII Magister Tunae<\/span><\/div>\n<div class=\"cbUserListFieldLine\" style=\"color: #ffffff;\"><span class=\"cbListFieldCont cbUserListFC_cb_entrada\" style=\"font-weight: bold; font-style: italic; color: #000000;\">2006<\/span><\/div>\n<p>[\/vc_column_text][\/vc_column][vc_column width=&#8221;1\/3&#8243;][vc_column_text]<br \/>\n[\/vc_column_text][\/vc_column][\/vc_row]<\/p>\n","protected":false},"excerpt":{"rendered":"<p>[vc_row][vc_column width=&#8221;1\/3&#8243;][vc_single_image img_link_target=&#8221;_self&#8221; css_animation_speed=&#8221;faster&#8221; css_animation_delay=&#8221;0&#8243; image=&#8221;4958&#8243; img_link_large=&#8221;&#8221;][vc_row_inner][vc_column_inner width=&#8221;1\/1&#8243;] [\/vc_column_inner][\/vc_row_inner][vc_column_text css_animation_speed=&#8221;faster&#8221; css_animation_delay=&#8221;0&#8243;] Batuta Tubar\u00e3o Baptista NTT M\u00e1rio Fernandes Ukelele 2006 [\/vc_column_text][\/vc_column][vc_column width=&#8221;1\/3&#8243;][vc_single_image img_link_target=&#8221;_self&#8221; css_animation_speed=&#8221;faster&#8221; css_animation_delay=&#8221;0&#8243; image=&#8221;4959&#8243; img_link_large=&#8221;&#8221;][vc_row_inner][vc_column_inner width=&#8221;1\/1&#8243;] [\/vc_column_inner][\/vc_row_inner][vc_column_text css_animation_speed=&#8221;faster&#8221; css_animation_delay=&#8221;0&#8243;] [&hellip;]<\/p>\n","protected":false},"author":1,"featured_media":0,"parent":2808,"menu_order":0,"comment_status":"open","ping_status":"open","template":"","meta":{"footnotes":""},"_links":{"self":[{"href":"http:\/\/tafep.pt\/en\/wp-json\/wp\/v2\/pages\/2837"}],"collection":[{"href":"http:\/\/tafep.pt\/en\/wp-json\/wp\/v2\/pages"}],"about":[{"href":"http:\/\/tafep.pt\/en\/wp-json\/wp\/v2\/types\/page"}],"author":[{"embeddable":true,"href":"http:\/\/tafep.pt\/en\/wp-json\/wp\/v2\/users\/1"}],"replies":[{"embeddable":true,"href":"http:\/\/tafep.pt\/en\/wp-json\/wp\/v2\/comments?post=2837"}],"version-history":[{"count":6,"href":"http:\/\/tafep.pt\/en\/wp-json\/wp\/v2\/pages\/2837\/revisions"}],"predecessor-version":[{"id":6392,"href":"http:\/\/tafep.pt\/en\/wp-json\/wp\/v2\/pages\/2837\/revisions\/6392"}],"up":[{"embeddable":true,"href":"http:\/\/tafep.pt\/en\/wp-json\/wp\/v2\/pages\/2808"}],"wp:attachment":[{"href":"http:\/\/tafep.pt\/en\/wp-json\/wp\/v2\/media?parent=2837"}],"curies":[{"name":"wp","href":"https:\/\/api.w.org\/{rel}","templated":true}]}}