{"id":2894,"date":"2015-07-14T16:50:06","date_gmt":"2015-07-14T16:50:06","guid":{"rendered":"http:\/\/tafep.pt\/?page_id=2894"},"modified":"2016-06-17T01:43:43","modified_gmt":"2016-06-17T01:43:43","slug":"videos","status":"publish","type":"page","link":"http:\/\/tafep.pt\/en\/multimedia-en\/videos\/","title":{"rendered":"Videos"},"content":{"rendered":"<p>[vc_row][vc_column][vc_column_text css_animation_speed=&#8221;faster&#8221; css_animation_delay=&#8221;0&#8243;]<\/p>\n<div class=\"ytcshort ytccf\"><div class=\"youtubechannelgallery\"><div id=\"ytc-1\"><div id=\"ytc-wrapper\"><div class=\"ytc-pslb ytcplayer-wrapper\" style=\"width:100%;\">\r\n  <div class=\"embed-responsive embed-responsive-16by9\">\r\n    <iframe id=\"ytcplayer1\" class=\"ytcplayer\" allowfullscreen src=\"https:\/\/www.youtube.com\/embed\/kfauXsWiiJc?version=3&theme=light&color=white&autoplay=1&modestbranding=&rel=1&showinfo=1&enablejsapi=1&wmode=transparent\" frameborder=\"0\"><\/iframe>\r\n  <\/div>\r\n<\/div>\r\n<div class=\"ytc-pslb ytc-thumbnails container-fluid ytc-thumb16x9 ytc-thumb-align-left\">\n\n\t<div class=\"ytc-row row\">\n\n\t\t    \t\n    \n\t\t<div class=\"ytc-column col-xs-6 col-sm-4 col-md-4 col-lg-4\">\n\t\t\t\t<div class=\"row\"><div class=\"col-sm-6\"><div class=\"ytcthumb-cont \">\n  <a class=\"ytcthumb ytclink\" href=\"https:\/\/www.youtube.com\/watch?v=kfauXsWiiJc\" data-playerid=\"ytcplayer1\" data-quality=\"medium\" title=\"II Segredos e Mem\u00f3rias | AO VIVO\" style=\"background-image:url(https:\/\/i.ytimg.com\/vi\/kfauXsWiiJc\/mqdefault.jpg);\"  >\n        <div class=\"ytcplay\"><\/div>\n  <\/a>\n  <\/div>\n\n<\/div><div class=\"col-sm-6\"><h5 class=\"ytctitle\">\n\t  \t\t<a class=\"ytclink\" href=\"https:\/\/www.youtube.com\/watch?v=kfauXsWiiJc\" data-playerid=\"ytcplayer1\" data-quality=\"medium\" alt=\"II Segredos e Mem\u00f3rias | AO VIVO\" title=\"II Segredos e Mem\u00f3rias | AO VIVO\"  >\n\t  \t\t\tII Segredos e Mem\u00f3rias | AO VIVO\t\t\t<\/a>\n\t<\/h5><\/div><\/div>\t\t<\/div>     \t\n\t\t\t\t\n    \n\t\t<div class=\"ytc-column col-xs-6 col-sm-4 col-md-4 col-lg-4\">\n\t\t\t\t<div class=\"row\"><div class=\"col-sm-6\"><div class=\"ytcthumb-cont \">\n  <a class=\"ytcthumb ytclink\" href=\"https:\/\/www.youtube.com\/watch?v=LUo881klfCE\" data-playerid=\"ytcplayer1\" data-quality=\"medium\" title=\"Aftermovie - Digress\u00e3o de Ver\u00e3o 2024\" style=\"background-image:url(https:\/\/i.ytimg.com\/vi\/LUo881klfCE\/mqdefault.jpg);\"  >\n        <div class=\"ytcplay\"><\/div>\n  <\/a>\n  <\/div>\n\n<\/div><div class=\"col-sm-6\"><h5 class=\"ytctitle\">\n\t  \t\t<a class=\"ytclink\" href=\"https:\/\/www.youtube.com\/watch?v=LUo881klfCE\" data-playerid=\"ytcplayer1\" data-quality=\"medium\" alt=\"Aftermovie - Digress\u00e3o de Ver\u00e3o 2024\" title=\"Aftermovie - Digress\u00e3o de Ver\u00e3o 2024\"  >\n\t  \t\t\tAftermovie - Digress\u00e3o de Ver\u00e3o 2024\t\t\t<\/a>\n\t<\/h5><\/div><\/div>\t\t<\/div>     \t<div class=\"clearfix visible-xs-block\"><\/div>\n\t\t\t\t\n    \n\t\t<div class=\"ytc-column col-xs-6 col-sm-4 col-md-4 col-lg-4\">\n\t\t\t\t<div class=\"row\"><div class=\"col-sm-6\"><div class=\"ytcthumb-cont \">\n  <a class=\"ytcthumb ytclink\" href=\"https:\/\/www.youtube.com\/watch?v=-c_ph2iNnMs\" data-playerid=\"ytcplayer1\" data-quality=\"medium\" title=\"La Due\u00f1a de Mis Amores | IX L\u00e1grimas de Amores | TAFEP\" style=\"background-image:url(https:\/\/i.ytimg.com\/vi\/-c_ph2iNnMs\/mqdefault.jpg);\"  >\n        <div class=\"ytcplay\"><\/div>\n  <\/a>\n  <\/div>\n\n<\/div><div class=\"col-sm-6\"><h5 class=\"ytctitle\">\n\t  \t\t<a class=\"ytclink\" href=\"https:\/\/www.youtube.com\/watch?v=-c_ph2iNnMs\" data-playerid=\"ytcplayer1\" data-quality=\"medium\" alt=\"La Due\u00f1a de Mis Amores | IX L\u00e1grimas de Amores | TAFEP\" title=\"La Due\u00f1a de Mis Amores | IX L\u00e1grimas de Amores | TAFEP\"  >\n\t  \t\t\tLa Due\u00f1a de Mis Amores | IX L\u00e1grimas de Amores | TAFEP\t\t\t<\/a>\n\t<\/h5><\/div><\/div>\t\t<\/div>     \t<div class=\"clearfix visible-sm-block visible-md-block visible-lg-block\"><\/div>\n\t\t\t\t\n    \n\t\t<div class=\"ytc-column col-xs-6 col-sm-4 col-md-4 col-lg-4\">\n\t\t\t\t<div class=\"row\"><div class=\"col-sm-6\"><div class=\"ytcthumb-cont \">\n  <a class=\"ytcthumb ytclink\" href=\"https:\/\/www.youtube.com\/watch?v=Ct1Xi1LFyUk\" data-playerid=\"ytcplayer1\" data-quality=\"medium\" title=\"Segredos e Mem\u00f3rias | IX L\u00e1grimas de Amores | TAFEP\" style=\"background-image:url(https:\/\/i.ytimg.com\/vi\/Ct1Xi1LFyUk\/mqdefault.jpg);\"  >\n        <div class=\"ytcplay\"><\/div>\n  <\/a>\n  <\/div>\n\n<\/div><div class=\"col-sm-6\"><h5 class=\"ytctitle\">\n\t  \t\t<a class=\"ytclink\" href=\"https:\/\/www.youtube.com\/watch?v=Ct1Xi1LFyUk\" data-playerid=\"ytcplayer1\" data-quality=\"medium\" alt=\"Segredos e Mem\u00f3rias | IX L\u00e1grimas de Amores | TAFEP\" title=\"Segredos e Mem\u00f3rias | IX L\u00e1grimas de Amores | TAFEP\"  >\n\t  \t\t\tSegredos e Mem\u00f3rias | IX L\u00e1grimas de Amores | TAFEP\t\t\t<\/a>\n\t<\/h5><\/div><\/div>\t\t<\/div>     \t<div class=\"clearfix visible-xs-block\"><\/div>\n\t\t\t\t\n    \n\t\t<div class=\"ytc-column col-xs-6 col-sm-4 col-md-4 col-lg-4\">\n\t\t\t\t<div class=\"row\"><div class=\"col-sm-6\"><div class=\"ytcthumb-cont \">\n  <a class=\"ytcthumb ytclink\" href=\"https:\/\/www.youtube.com\/watch?v=skZKUgbcFXQ\" data-playerid=\"ytcplayer1\" data-quality=\"medium\" title=\"O Instrumental | IX L\u00e1grimas de Amores | TAFEP\" style=\"background-image:url(https:\/\/i.ytimg.com\/vi\/skZKUgbcFXQ\/mqdefault.jpg);\"  >\n        <div class=\"ytcplay\"><\/div>\n  <\/a>\n  <\/div>\n\n<\/div><div class=\"col-sm-6\"><h5 class=\"ytctitle\">\n\t  \t\t<a class=\"ytclink\" href=\"https:\/\/www.youtube.com\/watch?v=skZKUgbcFXQ\" data-playerid=\"ytcplayer1\" data-quality=\"medium\" alt=\"O Instrumental | IX L\u00e1grimas de Amores | TAFEP\" title=\"O Instrumental | IX L\u00e1grimas de Amores | TAFEP\"  >\n\t  \t\t\tO Instrumental | IX L\u00e1grimas de Amores | TAFEP\t\t\t<\/a>\n\t<\/h5><\/div><\/div>\t\t<\/div>     \t\n\t\t\t\t\n    \n\t\t<div class=\"ytc-column col-xs-6 col-sm-4 col-md-4 col-lg-4\">\n\t\t\t\t<div class=\"row\"><div class=\"col-sm-6\"><div class=\"ytcthumb-cont \">\n  <a class=\"ytcthumb ytclink\" href=\"https:\/\/www.youtube.com\/watch?v=dk51jwJaC0E\" data-playerid=\"ytcplayer1\" data-quality=\"medium\" title=\"Fado B\u00e9lico | IX L\u00e1grimas de Amores | TAFEP\" style=\"background-image:url(https:\/\/i.ytimg.com\/vi\/dk51jwJaC0E\/mqdefault.jpg);\"  >\n        <div class=\"ytcplay\"><\/div>\n  <\/a>\n  <\/div>\n\n<\/div><div class=\"col-sm-6\"><h5 class=\"ytctitle\">\n\t  \t\t<a class=\"ytclink\" href=\"https:\/\/www.youtube.com\/watch?v=dk51jwJaC0E\" data-playerid=\"ytcplayer1\" data-quality=\"medium\" alt=\"Fado B\u00e9lico | IX L\u00e1grimas de Amores | TAFEP\" title=\"Fado B\u00e9lico | IX L\u00e1grimas de Amores | TAFEP\"  >\n\t  \t\t\tFado B\u00e9lico | IX L\u00e1grimas de Amores | TAFEP\t\t\t<\/a>\n\t<\/h5><\/div><\/div>\t\t<\/div>     \t<div class=\"clearfix visible-xs-block visible-sm-block visible-md-block visible-lg-block\"><\/div>\n\t\t\t\t\n    \n\t\t<div class=\"ytc-column col-xs-6 col-sm-4 col-md-4 col-lg-4\">\n\t\t\t\t<div class=\"row\"><div class=\"col-sm-6\"><div class=\"ytcthumb-cont \">\n  <a class=\"ytcthumb ytclink\" href=\"https:\/\/www.youtube.com\/watch?v=Yy2naC49RhA\" data-playerid=\"ytcplayer1\" data-quality=\"medium\" title=\"Falar do Cora\u00e7\u00e3o | IX L\u00e1grimas de Amores | TAFEP\" style=\"background-image:url(https:\/\/i.ytimg.com\/vi\/Yy2naC49RhA\/mqdefault.jpg);\"  >\n        <div class=\"ytcplay\"><\/div>\n  <\/a>\n  <\/div>\n\n<\/div><div class=\"col-sm-6\"><h5 class=\"ytctitle\">\n\t  \t\t<a class=\"ytclink\" href=\"https:\/\/www.youtube.com\/watch?v=Yy2naC49RhA\" data-playerid=\"ytcplayer1\" data-quality=\"medium\" alt=\"Falar do Cora\u00e7\u00e3o | IX L\u00e1grimas de Amores | TAFEP\" title=\"Falar do Cora\u00e7\u00e3o | IX L\u00e1grimas de Amores | TAFEP\"  >\n\t  \t\t\tFalar do Cora\u00e7\u00e3o | IX L\u00e1grimas de Amores | TAFEP\t\t\t<\/a>\n\t<\/h5><\/div><\/div>\t\t<\/div>     \t\n\t\t\t\t\n    \n\t\t<div class=\"ytc-column col-xs-6 col-sm-4 col-md-4 col-lg-4\">\n\t\t\t\t<div class=\"row\"><div class=\"col-sm-6\"><div class=\"ytcthumb-cont \">\n  <a class=\"ytcthumb ytclink\" href=\"https:\/\/www.youtube.com\/watch?v=mgpBGT5wVlg\" data-playerid=\"ytcplayer1\" data-quality=\"medium\" title=\"O Instrumental | VII MUSICATTA | TAFEP\" style=\"background-image:url(https:\/\/i.ytimg.com\/vi\/mgpBGT5wVlg\/mqdefault.jpg);\"  >\n        <div class=\"ytcplay\"><\/div>\n  <\/a>\n  <\/div>\n\n<\/div><div class=\"col-sm-6\"><h5 class=\"ytctitle\">\n\t  \t\t<a class=\"ytclink\" href=\"https:\/\/www.youtube.com\/watch?v=mgpBGT5wVlg\" data-playerid=\"ytcplayer1\" data-quality=\"medium\" alt=\"O Instrumental | VII MUSICATTA | TAFEP\" title=\"O Instrumental | VII MUSICATTA | TAFEP\"  >\n\t  \t\t\tO Instrumental | VII MUSICATTA | TAFEP\t\t\t<\/a>\n\t<\/h5><\/div><\/div>\t\t<\/div>     \t<div class=\"clearfix visible-xs-block\"><\/div>\n\t\t\t\t\n    \n\t\t<div class=\"ytc-column col-xs-6 col-sm-4 col-md-4 col-lg-4\">\n\t\t\t\t<div class=\"row\"><div class=\"col-sm-6\"><div class=\"ytcthumb-cont \">\n  <a class=\"ytcthumb ytclink\" href=\"https:\/\/www.youtube.com\/watch?v=4YL5allbvVE\" data-playerid=\"ytcplayer1\" data-quality=\"medium\" title=\"Segredos e Mem\u00f3rias | VII MUSICATTA | TAFEP\" style=\"background-image:url(https:\/\/i.ytimg.com\/vi\/4YL5allbvVE\/mqdefault.jpg);\"  >\n        <div class=\"ytcplay\"><\/div>\n  <\/a>\n  <\/div>\n\n<\/div><div class=\"col-sm-6\"><h5 class=\"ytctitle\">\n\t  \t\t<a class=\"ytclink\" href=\"https:\/\/www.youtube.com\/watch?v=4YL5allbvVE\" data-playerid=\"ytcplayer1\" data-quality=\"medium\" alt=\"Segredos e Mem\u00f3rias | VII MUSICATTA | TAFEP\" title=\"Segredos e Mem\u00f3rias | VII MUSICATTA | TAFEP\"  >\n\t  \t\t\tSegredos e Mem\u00f3rias | VII MUSICATTA | TAFEP\t\t\t<\/a>\n\t<\/h5><\/div><\/div>\t\t<\/div>     \t<div class=\"clearfix visible-sm-block visible-md-block visible-lg-block\"><\/div>\n\t\t\t\t\n\t<\/div> \n\t\t\t\t<div class=\"ytc-pagination row\">\n\t\t\t<div class=\"col-xs-4 ytc-previous\">\n\t\t\t\t\t\t\t<\/div>\n\t\t\t<div class=\"col-xs-4 ytc-numeration\">\n\t\t\t\t<div class=\"ytc-numeration-inner\">\n\t\t\t\t\t\t\t\t\t\t<span class=\"ytc-currentpage\">1<\/span><span class=\"ytc-separator\">\/<\/span><span class=\"ytc-totalpages\">12<\/span>\n\t\t\t\t<\/div>\n\t\t\t<\/div>\n\t\t\t<div class=\"col-xs-4 ytc-next\">\n\t\t\t\t\t\t\t\t\t<a class=\"ytc-paginationlink ytc-next\" data-cid=\"UCTuz1OatzatsvLAa1N1gQKQ\" data-wid=\"1\" data-playlist=\"UUTuz1OatzatsvLAa1N1gQKQ\" data-token=\"CAkQAA\">\n\t\t\t\t\t\tNext\u00bb\t\t\t\t\t<\/a>\n\t\t\t\t\t\t\t<\/div>\n\t\t<\/div>\n\t\n<\/div> \n\n<div class=\"ytc-pslb ytc-links container-fluid\">\n\t<div class=\"ytc-row row\">\n\t\t\t\t\t<div class=\"ytc-promotion col-xs-5\">\n\t\t\t\t<a href=\"http:\/\/poselab.com\" target=\"_blank\">\n\t\t\t\t\t<em>\n\t\t\t\t\t\tBy PoseLab\t\t\t\t\t<\/em>\n\t\t\t\t<\/a>\n\t\t\t<\/div>\n\t\t\n\t\t\t\t\t<div class=\"ytc-youtubelink col-xs-7\">\n\t\t\t\t<a href=\"https:\/\/www.youtube.com\/playlist?list=UUTuz1OatzatsvLAa1N1gQKQ\" class=\"ytcmore\" >\n\t\t\t\t\tShow more videos\u00bb\t\t\t\t<\/a>\n\t\t\t<\/div>\n\t\t\t<\/div>\n<\/div>\n\n<\/div><\/div><\/div><\/div>[\/vc_column_text][\/vc_column][\/vc_row]<\/p>\n","protected":false},"excerpt":{"rendered":"<p>[vc_row][vc_column][vc_column_text css_animation_speed=&#8221;faster&#8221; css_animation_delay=&#8221;0&#8243;] [\/vc_column_text][\/vc_column][\/vc_row]<\/p>\n","protected":false},"author":1,"featured_media":0,"parent":2889,"menu_order":0,"comment_status":"open","ping_status":"open","template":"","meta":{"footnotes":""},"_links":{"self":[{"href":"http:\/\/tafep.pt\/en\/wp-json\/wp\/v2\/pages\/2894"}],"collection":[{"href":"http:\/\/tafep.pt\/en\/wp-json\/wp\/v2\/pages"}],"about":[{"href":"http:\/\/tafep.pt\/en\/wp-json\/wp\/v2\/types\/page"}],"author":[{"embeddable":true,"href":"http:\/\/tafep.pt\/en\/wp-json\/wp\/v2\/users\/1"}],"replies":[{"embeddable":true,"href":"http:\/\/tafep.pt\/en\/wp-json\/wp\/v2\/comments?post=2894"}],"version-history":[{"count":3,"href":"http:\/\/tafep.pt\/en\/wp-json\/wp\/v2\/pages\/2894\/revisions"}],"predecessor-version":[{"id":6450,"href":"http:\/\/tafep.pt\/en\/wp-json\/wp\/v2\/pages\/2894\/revisions\/6450"}],"up":[{"embeddable":true,"href":"http:\/\/tafep.pt\/en\/wp-json\/wp\/v2\/pages\/2889"}],"wp:attachment":[{"href":"http:\/\/tafep.pt\/en\/wp-json\/wp\/v2\/media?parent=2894"}],"curies":[{"name":"wp","href":"https:\/\/api.w.org\/{rel}","templated":true}]}}